{"id":166,"date":"2025-02-20T13:55:36","date_gmt":"2025-02-20T13:55:36","guid":{"rendered":"https:\/\/www.soccermedx.at\/?page_id=166"},"modified":"2026-04-21T07:59:34","modified_gmt":"2026-04-21T07:59:34","slug":"fifa-medical-centre-of-excellence-oesterreich","status":"publish","type":"page","link":"https:\/\/www.soccermedx.at\/","title":{"rendered":"FIFA Medical Centre of Excellence \u00d6sterreich"},"content":{"rendered":"\n<h2 class=\"wp-block-heading is-style-default\"><strong>Ein weltweites Netzwerk<\/strong><\/h2>\n\n\n\n<p>Das FIFA Medical Centre of Excellence (FMCE) \u00d6sterreich ist ein Netzwerk aus \u00c4rzt:innen, Physiotherapeut:innen, Sportpsycholog:innen und Sportwissenschaftler:innen, die an verschiedenen Krankenh\u00e4usern und Universit\u00e4ten in Innsbruck und Umgebung t\u00e4tig sind, darunter:<\/p>\n\n\n\n<ul class=\"wp-block-list\">\n<li><a href=\"https:\/\/www.isag-sportmedizin.at\/\">Institut f\u00fcr Sport-, Alpinmedizin und Gesundheitstourismus (ISAG), Tirol Kliniken Innsbruck<\/a><\/li>\n\n\n\n<li><a href=\"https:\/\/www.umit-tirol.at\/page.cfm?vpath=departments\/medizin\/isag\">Institut f\u00fcr Sport-, Alpinmedizin und Gesundheitstourismus (ISAG), UMIT TIROL \u2013 Private Universit\u00e4t f\u00fcr Gesundheitswissenschaften und Gesundheitstechnologie, Hall in Tirol<\/a><\/li>\n\n\n\n<li><a href=\"https:\/\/www.gelenkpunkt.com\/\">Arztpraxis Gelenkpunkt<\/a><\/li>\n\n\n\n<li><a href=\"https:\/\/www.uibk.ac.at\/de\/isw\/\">Institut f\u00fcr Sportwissenschaft der Universit\u00e4t Innsbruck<\/a><\/li>\n\n\n\n<li><a href=\"https:\/\/www.motum.at\/\">Biomechaniklabor MOTUM<\/a><\/li>\n\n\n\n<li><a href=\"https:\/\/www.sporttherapie-hm.at\/\">Sporttherapie Huber &amp; Mair<\/a><\/li>\n<\/ul>\n\n\n\n<p>Durch die Bereitstellung hochmoderner Leistungen in den Bereichen Sportmedizin, orthop\u00e4dische Chirurgie und Rehabilitation, Physiotherapie, Sportpsychologie und Sportwissenschaften erf\u00fcllt das <strong>FMCE \u00d6sterreich<\/strong> die Bed\u00fcrfnisse von Fu\u00dfballvereinen, Sportvereinen und Sportorganisationen. Das <strong>FMCE \u00d6sterreich<\/strong> unterst\u00fctzt und behandelt regelm\u00e4\u00dfig Nachwuchssportler:innen und Athlet:innen auf nationalem Niveau sowie Fu\u00dfballspieler:innen auf internationaler Ebene.<\/p>\n\n\n\n<p>Das <strong>FMCE \u00d6sterreich<\/strong> ist bestrebt, die h\u00f6chsten internationalen Standards in der Behandlung von muskuloskelettalen Verletzungen zu erf\u00fcllen. Dies gelingt durch die Kombination bew\u00e4hrter Praktiken mit modernster Technologie, um Sportler:innen von der Diagnose \u00fcber die Rehabilitation bis zur vollst\u00e4ndigen Genesung zu begleiten. Unsere Teams aus engagierten Forschenden und Medizinischem Fachpersonal verbinden innovative Methoden mit neuester Technik, um umfassende Gesundheits- und Leistungsstrategien f\u00fcr Sportler:innen zu bieten.<\/p>\n\n\n\n<h2 class=\"wp-block-heading\"><strong>Das bietet das FMCE \u00d6sterreich&#8230;<\/strong><\/h2>\n\n\n\n<h3 class=\"wp-block-heading\"><strong>Kernkompetenzen<\/strong><\/h3>\n\n\n\n<p>Das <strong>FMCE \u00d6sterreich<\/strong> bietet erstklassige Versorgung in den Bereichen Sportmedizin, Rehabilitation, Physiotherapie, Sportwissenschaften und Sportpsychologie. Unsere Angebote richten sich sowohl an Amateur- als auch Profisportler:innen und umfassen modernste chirurgische L\u00f6sungen, ma\u00dfgeschneiderte Rehabilitationsprogramme, fortschrittliche Leistungsdiagnostik und sportpsychologische Unterst\u00fctzung.<\/p>\n\n\n\n<h5 class=\"wp-block-heading\">Sportmedizin<\/h5>\n\n\n\n<p>Die <a href=\"https:\/\/www.gelenkpunkt.com\/\">Arztpraxis Gelenkpunkt<\/a> ist auf minimalinvasive arthroskopische Chirurgie sowie rekonstruktive Gelenkchirurgie bei Verletzungen und Sch\u00e4den der gro\u00dfen Gelenke spezialisiert. Das internationale Netzwerk vereint herausragende Sportmediziner:innen und Orthop\u00e4diespezialist:innen und schafft einen professionellen Rahmen f\u00fcr die t\u00e4gliche Arbeit. Diese Expertise wird durch zahlreiche Forschungsprojekte, Publikationen und die Umsetzung eigens entwickelter, innovativer Technologien erg\u00e4nzt.<br><br>Das <a href=\"https:\/\/www.isag-sportmedizin.at\/\">Institut f\u00fcr Sport-, Alpinmedizin und Gesundheitstourismus (ISAG)<\/a> mit dem klinischen Teil an der Universit\u00e4tsklinik\/ Tirol Kliniken Innsbruck bietet ein breites Spektrum in der allgemeinen und internistischen Sportmedizin mit Schwerpunkt auf der Leistungsdiagnostik. Sportler:innen werden umfassend untersucht und auf ihren individuellen Gesundheits- und Fitnessstatus hin bewertet. Bei klinischen Auff\u00e4lligkeiten dient die Universit\u00e4tsklinik Innsbruck als renommierte Einrichtung f\u00fcr weitere medizinische Untersuchungen, Diagnosen und Therapien.<\/p>\n\n\n\n<h5 class=\"wp-block-heading\">Rehabilitation und Physiotherapie<\/h5>\n\n\n\n<p>Die Physiotherapeut:innen der <a href=\"https:\/\/www.sporttherapie-hm.at\/\">Sporttherapie Huber &amp; Mair<\/a> kombinieren traditionelle Behandlungsmethoden (manuelle Therapie, myofasziale Therapie, Mobilisation, Elektrotherapie etc.) mit den neuesten innovativen Technologien. Jedes Rehabilitationsprogramm wird individuell auf die Bed\u00fcrfnisse der Athlet:innen angepasst, wobei der Status und das Ausma\u00df der Verletzung ber\u00fccksichtigt und der Fortschritt \u00fcberwacht wird, bis die Athlet:innen wieder sicher k\u00f6rperlich aktiv sein k\u00f6nnen. In Kombination mit der Expertise der Physiotherapeut:innen bilden die gut ausgestatteten Einrichtungen \u2013 einschlie\u00dflich Massager\u00e4umen, einer Kletterwand, einem Unterwassertherapiepool und einem Au\u00dfenbereich \u2013 die Grundlage f\u00fcr eine breite Palette von Therapiem\u00f6glichkeiten. Ihre Mission ist es, ein ideal auf den Athlet:innen abgestimmtes Rehabilitationsprogramm anzubieten, um eine sichere R\u00fcckkehr in die normale Aktivit\u00e4t zu gew\u00e4hrleisten.<\/p>\n\n\n\n<h5 class=\"wp-block-heading\">Sportwissenschaften<\/h5>\n\n\n\n<p>Sportwissenschaftler:innen arbeiten eng mit Athlet:innen und Trainer:innen zusammen, um spezifische Trainingsprogramme zu entwickeln und umzusetzen, die den individuellen Anforderungen der Sportler:innen, Teams und Sportarten gerecht werden. Ziel ist es, schnellere, st\u00e4rkere und widerstandsf\u00e4higere Athlet:innen zu entwickeln, die frei von Verletzungen sind. Dazu werden verschiedene Trainingsinterventionen angewendet, darunter Techniken f\u00fcr Schnelligkeit, Agilit\u00e4t, Plyometrie, Ausdauer, Beweglichkeit\/Mobilit\u00e4t sowie Kraft und Leistung.<br><br>Auch nach Verletzungen arbeiten Sportwissenschaftler:innen eng mit dem Physiotherapie-Team zusammen, um den Patient:innen schnellstm\u00f6glich und individuell wieder in den Alltag oder den gew\u00fcnschten Sport zur\u00fcckzuf\u00fchren.<\/p>\n\n\n\n<h5 class=\"wp-block-heading\">Sportpsychologie<\/h5>\n\n\n\n<p class=\"is-style-default\">Das <strong>FMCE \u00d6sterreich<\/strong> bietet sportpsychologische Unterst\u00fctzung f\u00fcr alle Athlet:innen, Teams oder Trainer:innen, die daran interessiert sind, mentale F\u00e4higkeiten und Fertigkeiten zu optimieren. Die qualitative und kontinuierliche Bereitstellung von sportpsychologischer Betreuung f\u00fcr Leistungssportler:innen sowie Trainer:innen und Verb\u00e4nde spielt hier eine zentrale Rolle. Zus\u00e4tzliche Schwerpunkte umfassen die Koordination, Umsetzung, Evaluierung und Dokumentation sportpsychologischer Projekte sowie die Entwicklung und Aufrechterhaltung von Qualit\u00e4tsstandards.<br>Zwei unterschiedliche Partner bieten sportpsychologische Unterst\u00fctzung:<\/p>\n\n\n\n<p class=\"has-text-align-left\" style=\"margin-top:var(--wp--preset--spacing--20);margin-right:var(--wp--preset--spacing--30);margin-bottom:var(--wp--preset--spacing--20);margin-left:var(--wp--preset--spacing--30)\">a) Die Sportpsycholog:innen und Mentaltrainer:innen des Tiroler Sportpsychologie-Pools<br>b) Die Sportpsychologische Koordinationsstelle des Landes Tirol am <a href=\"https:\/\/www.isag-sportmedizin.at\/informationen-ps\">ISAG<\/a>.<\/p>\n\n\n\n<h3 class=\"wp-block-heading\"><strong>Forschung \u2013 Lehre<\/strong><\/h3>\n\n\n\n<p><a href=\"https:\/\/www.gelenkpunkt.com\/studien-publikationen\">Forschung <\/a>in der Sport- und <a href=\"https:\/\/inside.fifa.com\/about-fifa\/medical\">Fu\u00dfballmedizin<\/a> ist grundlegend, um die Kriterien der FIFA f\u00fcr Zentren der Exzellenz zu erf\u00fcllen \u2013 ein Standard, dem sich das <strong>FMCE \u00d6sterreich<\/strong> verpflichtet f\u00fchlt. Als anerkanntes <a href=\"https:\/\/inside.fifa.com\/de\/about-fifa\/medical\/centers-of-excellence\">FIFA Medical Centre of Excellence<\/a> tr\u00e4gt das <strong>FMCE \u00d6sterreich<\/strong> aktiv zum Forschungsfeld bei, mit regelm\u00e4\u00dfigen Publikationen in f\u00fchrenden internationalen Fachzeitschriften der Sportmedizin.<br><br>Mit \u00fcber 800 wissenschaftlichen Ver\u00f6ffentlichungen und Pr\u00e4sentationen spielt das <strong>FMCE \u00d6sterreich<\/strong> eine entscheidende Rolle in der globalen Forschung der Sportmedizin. Diese umfangreiche Arbeit f\u00f6rdert nicht nur wertvolle Kooperationen und Wissensaustausch mit f\u00fchrenden Expert:innen weltweit, sondern treibt auch kontinuierlich Innovationen in der Sport- und Fu\u00dfballmedizin voran und verbessert die klinische Praxis sowie Patientenergebnisse auf internationaler Ebene.<br><br>Das <strong>FMCE \u00d6sterreich<\/strong> ist der Lehre verpflichtet. Das I<a href=\"https:\/\/www.uibk.ac.at\/de\/isw\/\">nstitut f\u00fcr Sportwissenschaft der Universit\u00e4t Innsbruck<\/a> und das <a href=\"https:\/\/www.umit-tirol.at\/page.cfm?vpath=departments\/medizin\/isag&amp;switchLocale=de_AT\">Institut f\u00fcr Sport-, Alpinmedizin und Gesundheitstourismus (ISAG )<\/a>, einschlie\u00dflich der \u201e<a href=\"https:\/\/www.umit-tirol.at\/page.cfm?vpath=departments\/medizin\/isag\/research-unit-sportmedizin\">Research Unit f\u00fcr Sportmedizin des Bewegungsapparates und Verletzungspr\u00e4vention<\/a>\u201c an der UMIT TIROL, unterstreichen die wissenschaftliche Ausrichtung des FMCE \u00d6sterreich durch die Bereitstellung zahlreicher Kurse und Fortbildungen.<\/p>\n\n\n\n<h3 class=\"wp-block-heading\"><strong>Service f\u00fcr internationale Athlet:innen<\/strong><\/h3>\n\n\n\n<p>Die Standorte in Innsbruck bieten Zugang zu modernster Technologie und einem Team respektierter und weltklasse Sportmediziner:innen. Diese beiden Faktoren machen das <strong>FMCE \u00d6sterreich<\/strong> zu einem beliebten Ziel f\u00fcr internationale Spitzensportler:innen, die eine Vielzahl an Dienstleistungen suchen \u2013 von Operationen und Rehabilitation bis hin zu medizinischer Bewertung oder Expertise.<br><br>Das <strong>FMCE \u00d6sterreich<\/strong> stellt diese hochwertigen Leistungen unter Einhaltung von Vertraulichkeitsvereinbarungen bereit und arbeitet eng mit allen Patienten zusammen.<\/p>\n\n\n\n\n\n<div class=\"wp-block-columns has-background is-layout-flex wp-container-core-columns-is-layout-a5331a9e wp-block-columns-is-layout-flex\" style=\"background-color:#6969691c;padding-top:0;padding-right:0;padding-bottom:0;padding-left:0\">\n<div class=\"wp-block-column is-layout-flow wp-block-column-is-layout-flow\"><\/div>\n\n\n\n<div class=\"wp-block-column is-layout-flow wp-block-column-is-layout-flow\">\n<p><\/p>\n\n\n\n<p><strong>Allgemeine Anfragen:<\/strong><\/p>\n\n\n\n<p>Dr. Philipp Baumert<br><i class=\"fas fa-envelope\"><\/i> <a href=\"mailto:fmce@gelenkpunkt.com\">fmce@gelenkpunkt.com<\/a><br><i class=\"fas fa-phone\"><\/i> +43 512 39 70 30<br><i class=\"fas fa-kit-medical\"><\/i> +43 664 353 22 20<\/p>\n\n\n\n<p><\/p>\n<\/div>\n\n\n\n<div class=\"wp-block-column is-layout-flow wp-block-column-is-layout-flow\">\n<p><\/p>\n\n\n\n<p><strong>Spezifische medizinische Anfragen:<\/strong><\/p>\n\n\n\n<ul class=\"wp-block-list\">\n<li><strong>Prof. Dr. Christian Fink<\/strong><br>Medizinischer Direktor<br><i class=\"fas fa-envelope\"><\/i> <a href=\"mailto:c.fink@gelenkpunkt.com\">c.fink@gelenkpunkt.com<\/a><\/li>\n\n\n\n<li><strong>Prof. Dr. Wolfgang Schobersberger<\/strong><br>Medizinischer Direktor, ISAG<br><i class=\"fas fa-envelope\"><\/i> <a href=\"mailto:wolfgang.schobersberger@tirol-kliniken.at\">wolfgang.schobersberger@tirol-kliniken.at<\/a><\/li>\n<\/ul>\n\n\n\n<p><\/p>\n<\/div>\n\n\n\n<div class=\"wp-block-column is-layout-flow wp-block-column-is-layout-flow\"><\/div>\n<\/div>\n\n\n\n<div class=\"wp-block-group is-layout-flow wp-block-group-is-layout-flow\" style=\"min-height:0px;padding-top:var(--wp--preset--spacing--40);padding-right:var(--wp--preset--spacing--80);padding-bottom:var(--wp--preset--spacing--40);padding-left:var(--wp--preset--spacing--80)\">\n<div class=\"wp-block-columns has-small-font-size is-layout-flex wp-container-core-columns-is-layout-28f84493 wp-block-columns-is-layout-flex\">\n<div class=\"wp-block-column is-layout-flow wp-block-column-is-layout-flow\">\n<figure class=\"wp-block-image size-full\"><a href=\"https:\/\/www.isag-sportmedizin.at\/\"><img decoding=\"async\" src=\"https:\/\/www.soccermedx.at\/wp-content\/uploads\/2025\/02\/logoISAG.jpg\" alt=\"\" class=\"wp-image-195\" style=\"object-fit:cover\"\/><\/a><\/figure>\n<\/div>\n\n\n\n<div class=\"wp-block-column is-layout-flow wp-block-column-is-layout-flow\">\n<figure class=\"wp-block-image size-full\"><a href=\"https:\/\/www.tirol-kliniken.at\/\"><img decoding=\"async\" src=\"https:\/\/www.soccermedx.at\/wp-content\/uploads\/2025\/02\/tirolkliniken.png\" alt=\"\" class=\"wp-image-210\"\/><\/a><\/figure>\n<\/div>\n\n\n\n<div class=\"wp-block-column is-layout-flow wp-block-column-is-layout-flow\">\n<figure class=\"wp-block-image size-large\"><a href=\"https:\/\/www.sporttherapie-hm.at\/\"><img loading=\"lazy\" decoding=\"async\" width=\"1024\" height=\"346\" src=\"https:\/\/www.soccermedx.at\/wp-content\/uploads\/2025\/03\/Logo-Sportterapie-Huber-und-Mair300dpi-Kopie-1024x346.png\" alt=\"\" class=\"wp-image-198\" srcset=\"https:\/\/www.soccermedx.at\/wp-content\/uploads\/2025\/03\/Logo-Sportterapie-Huber-und-Mair300dpi-Kopie-1024x346.png 1024w, https:\/\/www.soccermedx.at\/wp-content\/uploads\/2025\/03\/Logo-Sportterapie-Huber-und-Mair300dpi-Kopie-300x101.png 300w, https:\/\/www.soccermedx.at\/wp-content\/uploads\/2025\/03\/Logo-Sportterapie-Huber-und-Mair300dpi-Kopie-768x260.png 768w, https:\/\/www.soccermedx.at\/wp-content\/uploads\/2025\/03\/Logo-Sportterapie-Huber-und-Mair300dpi-Kopie-1536x519.png 1536w, https:\/\/www.soccermedx.at\/wp-content\/uploads\/2025\/03\/Logo-Sportterapie-Huber-und-Mair300dpi-Kopie.png 1935w\" sizes=\"auto, (max-width: 1024px) 100vw, 1024px\" \/><\/a><\/figure>\n<\/div>\n\n\n\n<div class=\"wp-block-column is-layout-flow wp-block-column-is-layout-flow\">\n<figure class=\"wp-block-image size-full\"><a href=\"https:\/\/www.uibk.ac.at\/de\/isw\/\"><img decoding=\"async\" src=\"https:\/\/www.soccermedx.at\/wp-content\/uploads\/2025\/02\/Logo_institut-fuer-sportwissenschaft_Innsbruck.png\" alt=\"\" class=\"wp-image-198\"\/><\/a><\/figure>\n<\/div>\n<\/div>\n\n\n\n<div class=\"wp-block-columns is-layout-flex wp-container-core-columns-is-layout-28f84493 wp-block-columns-is-layout-flex\">\n<div class=\"wp-block-column is-layout-flow wp-block-column-is-layout-flow\">\n<figure class=\"wp-block-image size-full\"><a href=\"https:\/\/www.umit-tirol.at\/page.cfm?vpath=departments\/medizin\/isag\"><img decoding=\"async\" src=\"https:\/\/www.soccermedx.at\/wp-content\/uploads\/2025\/02\/LogoUMITTirol.webp\" alt=\"\" class=\"wp-image-196\"\/><\/a><\/figure>\n<\/div>\n\n\n\n<div class=\"wp-block-column is-layout-flow wp-block-column-is-layout-flow\">\n<figure class=\"wp-block-image size-full\"><a href=\"https:\/\/www.gelenkpunkt.com\/\"><img decoding=\"async\" src=\"https:\/\/www.soccermedx.at\/wp-content\/uploads\/2025\/02\/LogoGelenkpunkt.png\" alt=\"\" class=\"wp-image-197\"\/><\/a><\/figure>\n<\/div>\n\n\n\n<div class=\"wp-block-column is-layout-flow wp-block-column-is-layout-flow\">\n<figure class=\"wp-block-image size-large\"><a href=\"https:\/\/www.motum.at\/\"><img decoding=\"async\" src=\"https:\/\/www.soccermedx.at\/wp-content\/uploads\/2025\/02\/Motum_Logo_jpeg-1024x361.jpg\" alt=\"\" class=\"wp-image-199\"\/><\/a><\/figure>\n<\/div>\n<\/div>\n<\/div>\n","protected":false},"excerpt":{"rendered":"<p>Ein weltweites Netzwerk Das FIFA Medical Centre of Excellence (FMCE) \u00d6sterreich ist ein Netzwerk aus \u00c4rzt:innen, Physiotherapeut:innen, Sportpsycholog:innen und Sportwissenschaftler:innen, die an verschiedenen Krankenh\u00e4usern und Universit\u00e4ten in Innsbruck und Umgebung t\u00e4tig sind, darunter: Durch die Bereitstellung hochmoderner Leistungen in den Bereichen Sportmedizin, orthop\u00e4dische Chirurgie und Rehabilitation, Physiotherapie, Sportpsychologie und Sportwissenschaften erf\u00fcllt das FMCE \u00d6sterreich die [&hellip;]<\/p>\n","protected":false},"author":1,"featured_media":0,"parent":0,"menu_order":0,"comment_status":"closed","ping_status":"closed","template":"","meta":{"footnotes":""},"class_list":["post-166","page","type-page","status-publish","hentry"],"_links":{"self":[{"href":"https:\/\/www.soccermedx.at\/index.php\/wp-json\/wp\/v2\/pages\/166","targetHints":{"allow":["GET"]}}],"collection":[{"href":"https:\/\/www.soccermedx.at\/index.php\/wp-json\/wp\/v2\/pages"}],"about":[{"href":"https:\/\/www.soccermedx.at\/index.php\/wp-json\/wp\/v2\/types\/page"}],"author":[{"embeddable":true,"href":"https:\/\/www.soccermedx.at\/index.php\/wp-json\/wp\/v2\/users\/1"}],"replies":[{"embeddable":true,"href":"https:\/\/www.soccermedx.at\/index.php\/wp-json\/wp\/v2\/comments?post=166"}],"version-history":[{"count":34,"href":"https:\/\/www.soccermedx.at\/index.php\/wp-json\/wp\/v2\/pages\/166\/revisions"}],"predecessor-version":[{"id":324,"href":"https:\/\/www.soccermedx.at\/index.php\/wp-json\/wp\/v2\/pages\/166\/revisions\/324"}],"wp:attachment":[{"href":"https:\/\/www.soccermedx.at\/index.php\/wp-json\/wp\/v2\/media?parent=166"}],"curies":[{"name":"wp","href":"https:\/\/api.w.org\/{rel}","templated":true}]}}